{"id":106,"date":"2025-01-15T09:49:19","date_gmt":"2025-01-15T08:49:19","guid":{"rendered":"https:\/\/yours-international.com\/?page_id=106"},"modified":"2025-01-20T10:22:02","modified_gmt":"2025-01-20T09:22:02","slug":"106-2","status":"publish","type":"page","link":"https:\/\/yours-international.com\/index.php\/106-2\/","title":{"rendered":""},"content":{"rendered":"\n<div class=\"wp-block-group alignfull has-base-2-background-color has-background is-vertical is-content-justification-center is-nowrap is-layout-flex wp-container-core-group-is-layout-c6adff89 wp-block-group-is-layout-flex\" style=\"margin-top:0;margin-bottom:0;padding-top:var(--wp--preset--spacing--50);padding-right:var(--wp--preset--spacing--50);padding-bottom:var(--wp--preset--spacing--50);padding-left:var(--wp--preset--spacing--50)\">\n<h2 class=\"wp-block-heading has-text-align-center is-style-asterisk has-accent-3-color has-text-color has-link-color wp-elements-8c6ce9f400d69c07e30dfada12123a4d\"><a href=\"https:\/\/yours-international.com\" data-type=\"page\" data-id=\"111\"><mark style=\"background-color:rgba(0, 0, 0, 0);color:#ff871a\" class=\"has-inline-color\">Contact<\/mark><\/a><\/h2>\n\n\n\n<div class=\"wp-block-group is-vertical is-content-justification-center is-layout-flex wp-container-core-group-is-layout-52b864f0 wp-block-group-is-layout-flex\">\n<div style=\"height:0px\" aria-hidden=\"true\" class=\"wp-block-spacer wp-container-content-4f2ccadb\"><\/div>\n\n\n\n<h4 class=\"wp-block-heading has-text-align-center\">Pour toute question ou demande d&rsquo;information, n&rsquo;h\u00e9sitez pas \u00e0 nous contacter. Notre \u00e9quipe est \u00e0 votre \u00e9coute et vous r\u00e9pondra dans les plus brefs d\u00e9lais !<\/h4>\n<\/div>\n\n\n\n<div style=\"margin-top:0;margin-bottom:0;height:var(--wp--preset--spacing--40);width:0px\" aria-hidden=\"true\" class=\"wp-block-spacer wp-container-content-9d1f8957\"><\/div>\n\n\n\n<div class=\"wp-block-group alignwide has-medium-font-size is-vertical is-content-justification-center is-nowrap is-layout-flex wp-container-core-group-is-layout-a8ed0b80 wp-block-group-is-layout-flex\" style=\"margin-top:0;margin-bottom:0;padding-top:0;padding-right:0;padding-bottom:0;padding-left:0\">\n<div class=\"wp-block-columns alignwide is-layout-flex wp-container-core-columns-is-layout-d0bbbce0 wp-block-columns-is-layout-flex\">\n<div class=\"wp-block-column is-layout-flow wp-container-core-column-is-layout-e3d1c41b wp-block-column-is-layout-flow\">\n<h3 class=\"wp-block-heading has-text-align-left is-style-asterisk has-accent-3-color has-text-color has-link-color has-body-font-family has-medium-font-size wp-elements-5c115c9b0df5701776555feba3d040c5\" style=\"font-style:normal;font-weight:600\"><mark style=\"background-color:rgba(0, 0, 0, 0);color:#ff8719\" class=\"has-inline-color\">ADRESSE<\/mark><\/h3>\n\n\n\n<div class=\"wp-block-columns is-layout-flex wp-container-core-columns-is-layout-28f84493 wp-block-columns-is-layout-flex\">\n<div class=\"wp-block-column is-layout-flow wp-block-column-is-layout-flow\" style=\"flex-basis:100%\">\n<p class=\"has-text-align-left\">36 GRANDE RUE<\/p>\n\n\n\n<p>91360 EPINAY-SUR-ORGE<\/p>\n\n\n\n<p>FRANCE<\/p>\n<\/div>\n<\/div>\n<\/div>\n\n\n\n<div class=\"wp-block-column is-layout-flow wp-container-core-column-is-layout-e3d1c41b wp-block-column-is-layout-flow\">\n<h3 class=\"wp-block-heading has-text-align-left is-style-asterisk has-accent-3-color has-text-color has-link-color has-body-font-family has-medium-font-size wp-elements-17bca86e56fe055abb04f876fcc49792\" style=\"font-style:normal;font-weight:600\"><mark style=\"background-color:rgba(0, 0, 0, 0);color:#ff8719\" class=\"has-inline-color\">T\u00c9L\u00c9PHONE<\/mark><\/h3>\n\n\n\n<p class=\"has-text-align-left\">FIX : 01 69 59 00 09<\/p>\n\n\n\n<p class=\"has-text-align-left\">FAX : 01 69 20 77 13<\/p>\n<\/div>\n\n\n\n<div class=\"wp-block-column is-vertically-aligned-top is-layout-flow wp-container-core-column-is-layout-e3d1c41b wp-block-column-is-layout-flow\">\n<div class=\"wp-block-group has-global-padding is-layout-constrained wp-block-group-is-layout-constrained\">\n<div class=\"wp-block-group has-global-padding is-layout-constrained wp-block-group-is-layout-constrained\">\n<h3 class=\"wp-block-heading has-text-align-left is-style-asterisk has-accent-3-color has-text-color has-link-color has-body-font-family has-medium-font-size wp-elements-a98cb8de88fd0e3a20baf41a80eeab31\" style=\"border-style:none;border-width:0px;border-radius:0px;font-style:normal;font-weight:600\"><mark style=\"background-color:rgba(0, 0, 0, 0);color:#ff8719\" class=\"has-inline-color\">EMAIL<\/mark><\/h3>\n<\/div>\n<\/div>\n\n\n\n<p class=\"has-text-align-left\">commercial@yours-international.com<\/p>\n<\/div>\n<\/div>\n\n\n\n<div style=\"height:var(--wp--preset--spacing--20);width:0px\" aria-hidden=\"true\" class=\"wp-block-spacer wp-container-content-333afba9\"><\/div>\n<\/div>\n\n\n\n<p><\/p>\n<\/div>\n","protected":false},"excerpt":{"rendered":"<p>Contact Pour toute question ou demande d&rsquo;information, n&rsquo;h\u00e9sitez pas \u00e0 nous contacter. Notre \u00e9quipe est \u00e0 votre \u00e9coute et vous r\u00e9pondra dans les plus brefs d\u00e9lais ! ADRESSE 36 GRANDE RUE 91360 EPINAY-SUR-ORGE FRANCE T\u00c9L\u00c9PHONE FIX : 01 69 59 00 09 FAX : 01 69 20 77 13 EMAIL commercial@yours-international.com<\/p>\n","protected":false},"author":1,"featured_media":0,"parent":0,"menu_order":0,"comment_status":"closed","ping_status":"closed","template":"","meta":{"footnotes":""},"class_list":["post-106","page","type-page","status-publish","hentry"],"_links":{"self":[{"href":"https:\/\/yours-international.com\/index.php\/wp-json\/wp\/v2\/pages\/106","targetHints":{"allow":["GET"]}}],"collection":[{"href":"https:\/\/yours-international.com\/index.php\/wp-json\/wp\/v2\/pages"}],"about":[{"href":"https:\/\/yours-international.com\/index.php\/wp-json\/wp\/v2\/types\/page"}],"author":[{"embeddable":true,"href":"https:\/\/yours-international.com\/index.php\/wp-json\/wp\/v2\/users\/1"}],"replies":[{"embeddable":true,"href":"https:\/\/yours-international.com\/index.php\/wp-json\/wp\/v2\/comments?post=106"}],"version-history":[{"count":11,"href":"https:\/\/yours-international.com\/index.php\/wp-json\/wp\/v2\/pages\/106\/revisions"}],"predecessor-version":[{"id":195,"href":"https:\/\/yours-international.com\/index.php\/wp-json\/wp\/v2\/pages\/106\/revisions\/195"}],"wp:attachment":[{"href":"https:\/\/yours-international.com\/index.php\/wp-json\/wp\/v2\/media?parent=106"}],"curies":[{"name":"wp","href":"https:\/\/api.w.org\/{rel}","templated":true}]}}